{"id":1344,"date":"2023-02-23T13:33:54","date_gmt":"2023-02-23T12:33:54","guid":{"rendered":"http:\/\/authentikhome.fr\/?page_id=1344"},"modified":"2025-12-15T14:33:45","modified_gmt":"2025-12-15T13:33:45","slug":"page-dacceuil","status":"publish","type":"page","link":"https:\/\/authentikhome.fr\/","title":{"rendered":"AUTHENTIK HOME, 1\u00e8re coop\u00e9rative d&rsquo;artisans en Charente."},"content":{"rendered":"\n<div class=\"wp-block-group has-global-padding is-layout-constrained wp-block-group-is-layout-constrained\">\n<div class=\"wp-block-group has-global-padding is-layout-constrained wp-container-core-group-is-layout-650790e1 wp-block-group-is-layout-constrained\">\n<h1 class=\"wp-block-heading has-text-align-center has-x-large-font-size\">Suivez-nous \u00e9galement sur notre page Facebook<\/h1>\n\n\n\n<div style=\"height:1.25rem\" aria-hidden=\"true\" class=\"wp-block-spacer\"><\/div>\n\n\n\n<p class=\"has-text-align-center\">Chantiers en cours, actualit\u00e9 et bien plus : <\/p>\n\n\n\n<div style=\"height:1.25rem\" aria-hidden=\"true\" class=\"wp-block-spacer\"><\/div>\n\n\n\n<div class=\"wp-block-buttons is-content-justification-center is-layout-flex wp-container-core-buttons-is-layout-a89b3969 wp-block-buttons-is-layout-flex\">\n<div class=\"wp-block-button\"><a class=\"wp-block-button__link wp-element-button\" href=\"https:\/\/www.facebook.com\/authentikhome16\/\">FACEBOOK<\/a><\/div>\n<\/div>\n<\/div>\n\n\n\n<div style=\"height:40px\" aria-hidden=\"true\" class=\"wp-block-spacer\"><\/div>\n<\/div>\n\n\n\n<hr class=\"wp-block-separator has-alpha-channel-opacity is-style-wide\" style=\"margin-top:var(--wp--preset--spacing--40);margin-bottom:var(--wp--preset--spacing--40)\"\/>\n\n\n\n<div class=\"wp-block-group alignfull has-base-2-background-color has-background has-global-padding is-layout-constrained wp-container-core-group-is-layout-669513ed wp-block-group-is-layout-constrained\" style=\"margin-top:0;margin-bottom:0;padding-top:var(--wp--preset--spacing--50);padding-right:var(--wp--preset--spacing--50);padding-bottom:var(--wp--preset--spacing--50);padding-left:var(--wp--preset--spacing--50)\">\n<div class=\"wp-block-group is-vertical is-content-justification-center is-layout-flex wp-container-core-group-is-layout-52b864f0 wp-block-group-is-layout-flex\">\n<h2 class=\"wp-block-heading has-text-align-center is-style-asterisk\">Une \u00e9quipe de professionnels, un seul interlocuteur<\/h2>\n\n\n\n<div style=\"height:0px\" aria-hidden=\"true\" class=\"wp-block-spacer wp-container-content-4f2ccadb\"><\/div>\n\n\n\n<p class=\"has-text-align-center\">Nos artisans locaux travaillent en \u00e9quipe avec le bureau d&rsquo;Authentik Home, compos\u00e9 d&rsquo;un maitre d&rsquo;\u0153uvre, un conducteur de travaux et une assistante de direction. <\/p>\n<\/div>\n\n\n\n<div class=\"wp-block-group has-global-padding is-layout-constrained wp-block-group-is-layout-constrained\">\n<div style=\"margin-top:0;margin-bottom:0;height:var(--wp--preset--spacing--40)\" aria-hidden=\"true\" class=\"wp-block-spacer\"><\/div>\n<\/div>\n\n\n\n<div class=\"wp-block-columns alignwide is-layout-flex wp-container-core-columns-is-layout-d0bbbce0 wp-block-columns-is-layout-flex\">\n<div class=\"wp-block-column is-layout-flow wp-container-core-column-is-layout-e3d1c41b wp-block-column-is-layout-flow\">\n<h3 class=\"wp-block-heading has-text-align-left is-style-asterisk has-body-font-family has-medium-font-size\" style=\"font-style:normal;font-weight:600\">R\u00e9novation et restauration<\/h3>\n\n\n\n<p class=\"has-text-align-left\"><\/p>\n<\/div>\n\n\n\n<div class=\"wp-block-column is-layout-flow wp-container-core-column-is-layout-e3d1c41b wp-block-column-is-layout-flow\">\n<h3 class=\"wp-block-heading has-text-align-left is-style-asterisk has-body-font-family has-medium-font-size\" style=\"font-style:normal;font-weight:600\">Accompagnement<\/h3>\n\n\n\n<p class=\"has-text-align-left\"><\/p>\n<\/div>\n\n\n\n<div class=\"wp-block-column is-layout-flow wp-container-core-column-is-layout-e3d1c41b wp-block-column-is-layout-flow\">\n<h3 class=\"wp-block-heading has-text-align-left is-style-asterisk has-body-font-family has-medium-font-size\" style=\"font-style:normal;font-weight:600\">Conseils<\/h3>\n\n\n\n<p class=\"has-text-align-left\"><\/p>\n<\/div>\n<\/div>\n\n\n\n<div style=\"height:var(--wp--preset--spacing--20)\" aria-hidden=\"true\" class=\"wp-block-spacer\"><\/div>\n\n\n\n<div class=\"wp-block-columns alignwide is-layout-flex wp-container-core-columns-is-layout-d0bbbce0 wp-block-columns-is-layout-flex\">\n<div class=\"wp-block-column is-layout-flow wp-container-core-column-is-layout-e3d1c41b wp-block-column-is-layout-flow\">\n<h3 class=\"wp-block-heading has-text-align-left is-style-asterisk has-body-font-family has-medium-font-size\" style=\"font-style:normal;font-weight:600\">Neuf et extension<\/h3>\n\n\n\n<p class=\"has-text-align-left\"><\/p>\n<\/div>\n\n\n\n<div class=\"wp-block-column is-layout-flow wp-container-core-column-is-layout-e3d1c41b wp-block-column-is-layout-flow\">\n<h3 class=\"wp-block-heading has-text-align-left is-style-asterisk has-body-font-family has-medium-font-size\" style=\"font-style:normal;font-weight:600\">Gestion de projet<\/h3>\n\n\n\n<p class=\"has-text-align-left\"><\/p>\n<\/div>\n\n\n\n<div class=\"wp-block-column is-layout-flow wp-container-core-column-is-layout-e3d1c41b wp-block-column-is-layout-flow\">\n<h3 class=\"wp-block-heading has-text-align-left is-style-asterisk has-body-font-family has-medium-font-size\" style=\"font-style:normal;font-weight:600\">Cr\u00e9ations <\/h3>\n\n\n\n<p class=\"has-text-align-left\"><\/p>\n<\/div>\n<\/div>\n<\/div>\n\n\n\n<style>\n\/* ---- STYLE GLOBAL ---- *\/\n.timeline-container {\n    width: 90%;\n    max-width: 900px;\n    margin: 60px auto;\n    font-family: \"Helvetica Neue\", Arial, sans-serif;\n    position: relative;\n}\n\n\/* ---- LIGNE DE FOND ---- *\/\n.timeline-line {\n    width: 100%;\n    height: 6px;\n    background: #ddd;\n    border-radius: 3px;\n    position: relative;\n    overflow: hidden;\n}\n\n\/* ---- BARRE ANIM\u00c9E ---- *\/\n.timeline-progress {\n    height: 100%;\n    width: 0;\n    background: #4CAF50;\n    border-radius: 3px;\n    animation: progressAnim 10s linear infinite;\n}\n\n\/* Animation de la barre de progression *\/\n@keyframes progressAnim {\n    0% { width: 0; }\n    100% { width: 100%; }\n}\n\n\/* ---- POINTS \/ \u00c9TAPES ---- *\/\n.step {\n    position: absolute;\n    top: -16px;\n    text-align: center;\n    transform: translateX(-50%);\n}\n\n.step-dot {\n    width: 22px;\n    height: 22px;\n    background: #4CAF50;\n    border-radius: 50%;\n    border: 4px solid white;\n    box-shadow: 0 0 6px rgba(0,0,0,0.2);\n    margin: 0 auto 6px;\n}\n\n.step-label {\n    font-size: 14px;\n    max-width: 120px;\n}\n\n\/* ---- Positions des \u00e9tapes ---- *\/\n.start   { left: 0%;   }\n.step1   { left: 15%;  }\n.step2   { left: 30%;  }\n.step3   { left: 45%;  }\n.step4   { left: 60%;  }\n.step5   { left: 75%;  }\n.end     { left: 100%; }\n\n\/* R\u00e9duit la taille des labels sur smartphone *\/\n@media (max-width: 600px) {\n    .step-label {\n        font-size: 12px;\n    }\n}\n<\/style>\n\n\n<div class=\"timeline-container\">\n\n    <div class=\"timeline-line\">\n        <div class=\"timeline-progress\"><\/div>\n    <\/div>\n\n    <!-- \u00c9tapes de la frise -->\n    <div class=\"step start\">\n        <div class=\"step-dot\"><\/div>\n        <div class=\"step-label\">Prise de contact<\/div>\n    <\/div>\n\n    <div class=\"step step1\">\n        <div class=\"step-dot\"><\/div>\n        <div class=\"step-label\">Visite technique &#038; diagnostic<\/div>\n    <\/div>\n\n    <div class=\"step step2\">\n        <div class=\"step-dot\"><\/div>\n        <div class=\"step-label\">Chiffrage &#038; devis d\u00e9taill\u00e9<\/div>\n    <\/div>\n\n    <div class=\"step step3\">\n        <div class=\"step-dot\"><\/div>\n        <div class=\"step-label\">Conception &#038; plans<\/div>\n    <\/div>\n\n    <div class=\"step step4\">\n        <div class=\"step-dot\"><\/div>\n        <div class=\"step-label\">Travaux &#038; suivi de chantier<\/div>\n    <\/div>\n\n    <div class=\"step step5\">\n        <div class=\"step-dot\"><\/div>\n        <div class=\"step-label\">Finitions &#038; contr\u00f4les qualit\u00e9<\/div>\n    <\/div>\n\n    <div class=\"step end\">\n        <div class=\"step-dot\"><\/div>\n        <div class=\"step-label\">Remise de cl\u00e9<\/div>\n    <\/div>\n\n<\/div>\n\n\n\n<hr class=\"wp-block-separator has-alpha-channel-opacity is-style-wide\" style=\"margin-top:var(--wp--preset--spacing--20);margin-bottom:var(--wp--preset--spacing--20)\"\/>\n\n\n\n<div class=\"wp-block-group has-global-padding is-layout-constrained wp-container-core-group-is-layout-d89aad35 wp-block-group-is-layout-constrained\" style=\"margin-top:0;margin-bottom:0;padding-top:var(--wp--preset--spacing--50);padding-right:var(--wp--preset--spacing--50);padding-bottom:var(--wp--preset--spacing--50);padding-left:var(--wp--preset--spacing--50)\">\n<div class=\"wp-block-group alignwide has-global-padding is-layout-constrained wp-container-core-group-is-layout-19e250f3 wp-block-group-is-layout-constrained\">\n<div class=\"wp-block-group is-vertical is-content-justification-center is-layout-flex wp-container-core-group-is-layout-6329a8f3 wp-block-group-is-layout-flex\">\n<h2 class=\"wp-block-heading has-text-align-center is-style-asterisk\">Des offres globales, s\u00e9curis\u00e9es<\/h2>\n\n\n\n<p class=\"has-text-align-center\"><strong>Nous r\u00e9alisons vos projets de maison neuve sous contrat CCMI (Contrat de Construction de Maison Individuelle), avec toutes les garanties<\/strong>. <strong>Un contrat de march\u00e9 de travaux unique et global pour les Extensions et les R\u00e9novations.<\/strong><\/p>\n<\/div>\n\n\n\n<div style=\"height:var(--wp--preset--spacing--40)\" aria-hidden=\"true\" class=\"wp-block-spacer\"><\/div>\n\n\n\n<div class=\"wp-block-columns alignwide is-layout-flex wp-container-core-columns-is-layout-d1c656ed wp-block-columns-is-layout-flex\">\n<div class=\"wp-block-column is-vertically-aligned-center is-layout-flow wp-block-column-is-layout-flow\" style=\"flex-basis:40%\">\n<h3 class=\"wp-block-heading is-style-asterisk\">Parce que l&rsquo;environnement compte<\/h3>\n\n\n\n<ul style=\"line-height:1.75\" class=\"wp-block-list is-style-checkmark-list\">\n<li>Coop\u00e9rateurs qualifi\u00e9s RGE.<\/li>\n\n\n\n<li>D\u00e9marche RSE.<\/li>\n\n\n\n<li>Coop\u00e9rative qualifi\u00e9e RGE.<\/li>\n<\/ul>\n<\/div>\n\n\n\n<div class=\"wp-block-column is-layout-flow wp-block-column-is-layout-flow\" style=\"flex-basis:50%\">\n<figure class=\"wp-block-image size-large is-style-rounded is-style-rounded--1\"><img loading=\"lazy\" decoding=\"async\" width=\"844\" height=\"1024\" src=\"https:\/\/authentikhome.fr\/wp-content\/uploads\/2024\/08\/logo-RGE-844x1024.png\" alt=\"\" class=\"wp-image-1605\" srcset=\"https:\/\/authentikhome.fr\/wp-content\/uploads\/2024\/08\/logo-RGE-844x1024.png 844w, https:\/\/authentikhome.fr\/wp-content\/uploads\/2024\/08\/logo-RGE-247x300.png 247w, https:\/\/authentikhome.fr\/wp-content\/uploads\/2024\/08\/logo-RGE-768x932.png 768w, https:\/\/authentikhome.fr\/wp-content\/uploads\/2024\/08\/logo-RGE-1266x1536.png 1266w, https:\/\/authentikhome.fr\/wp-content\/uploads\/2024\/08\/logo-RGE-1688x2048.png 1688w\" sizes=\"auto, (max-width: 844px) 100vw, 844px\" \/><\/figure>\n<\/div>\n<\/div>\n\n\n\n<div style=\"height:var(--wp--preset--spacing--40)\" aria-hidden=\"true\" class=\"wp-block-spacer\"><\/div>\n\n\n\n<div class=\"wp-block-columns alignwide is-layout-flex wp-container-core-columns-is-layout-d1c656ed wp-block-columns-is-layout-flex\">\n<div class=\"wp-block-column is-layout-flow wp-block-column-is-layout-flow\" style=\"flex-basis:50%\">\n<figure class=\"wp-block-image size-full is-style-rounded is-style-rounded--2\"><img loading=\"lazy\" decoding=\"async\" width=\"564\" height=\"854\" src=\"https:\/\/authentikhome.fr\/wp-content\/uploads\/2024\/08\/lequipe.jpg\" alt=\"\" class=\"wp-image-1612\" srcset=\"https:\/\/authentikhome.fr\/wp-content\/uploads\/2024\/08\/lequipe.jpg 564w, https:\/\/authentikhome.fr\/wp-content\/uploads\/2024\/08\/lequipe-198x300.jpg 198w\" sizes=\"auto, (max-width: 564px) 100vw, 564px\" \/><\/figure>\n<\/div>\n\n\n\n<div class=\"wp-block-column is-vertically-aligned-center is-layout-flow wp-block-column-is-layout-flow\" style=\"flex-basis:40%\">\n<h3 class=\"wp-block-heading is-style-asterisk\">Nos artisans locaux<\/h3>\n\n\n\n<ul style=\"line-height:1.75\" class=\"wp-block-list is-style-checkmark-list\">\n<li>Une \u00e9quipe de professionnels.<\/li>\n\n\n\n<li>Exp\u00e9rience de 25 \u00e0 30 ans en moyenne.<\/li>\n\n\n\n<li>Des artisans locaux.<\/li>\n<\/ul>\n<\/div>\n<\/div>\n<\/div>\n<\/div>\n\n\n\n<hr class=\"wp-block-separator has-alpha-channel-opacity is-style-wide\" style=\"margin-top:var(--wp--preset--spacing--10);margin-bottom:var(--wp--preset--spacing--10)\"\/>\n\n\n\n<div class=\"wp-block-group has-global-padding is-layout-constrained wp-container-core-group-is-layout-d89aad35 wp-block-group-is-layout-constrained\" style=\"margin-top:0;margin-bottom:0;padding-top:var(--wp--preset--spacing--50);padding-right:var(--wp--preset--spacing--50);padding-bottom:var(--wp--preset--spacing--50);padding-left:var(--wp--preset--spacing--50)\">\n<section class=\"contact-section\">\n  <h2>Nous contacter<\/h2>\n\n  <div class=\"contact-cards\">\n\n    <!-- Dominique -->\n    <div class=\"contact-card\">\n      <div class=\"icon\">\n        <svg width=\"36\" height=\"36\" fill=\"#1f3c88\" viewBox=\"0 0 24 24\">\n          <path d=\"M12 12c2.21 0 4-1.79 4-4s-1.79-4-4-4-4 1.79-4 4 1.79 4 4 4zm0 2c-2.67 0-8 1.34-8 4v2h16v-2c0-2.66-5.33-4-8-4z\"\/>\n        <\/svg>\n      <\/div>\n      <h3>Dominique LAURENT<\/h3>\n      <p><em>Ma\u00eetre d&rsquo;\u0153uvre<\/em><\/p>\n      <p><a href=\"tel:+33676034766\">+33 6 76 03 47 66<\/a><\/p>\n    <\/div>\n\n    <!-- Marco -->\n    <div class=\"contact-card\">\n      <div class=\"icon\">\n        <svg width=\"36\" height=\"36\" fill=\"#1f3c88\" viewBox=\"0 0 24 24\">\n          <path d=\"M12 12c2.21 0 4-1.79 4-4s-1.79-4-4-4-4 1.79-4 4 1.79 4 4 4zm0 2c-2.67 0-8 1.34-8 4v2h16v-2c0-2.66-5.33-4-8-4z\"\/>\n        <\/svg>\n      <\/div>\n      <h3>Marco ALVES<\/h3>\n      <p><em>Conducteur de travaux \/ Charg\u00e9 d&rsquo;affaires<\/em><\/p>\n      <p><a href=\"tel:+33618253820\">+33 6 18 25 38 20<\/a><\/p>\n    <\/div>\n\n    <!-- Bureau -->\n    <div class=\"contact-card\">\n      <div class=\"icon\">\n        <svg width=\"36\" height=\"36\" fill=\"#1f3c88\" viewBox=\"0 0 24 24\">\n          <path d=\"M21 8V7l-3 2-2-2-3 2-2-2-3 2-2-2-3 2V8l9 5 9-5zm0 2.5l-9 5-9-5V19h18V10.5z\"\/>\n        <\/svg>\n      <\/div>\n      <h3>Sylvie GERBIER<\/h3>\n      <p><em>Bureau \/ Secr\u00e9tariat \/ Comptabilit\u00e9<\/em><\/p>\n      <p><a href=\"tel:+33545389354\">+33 5 45 38 93 54<\/a><\/p>\n    <\/div>\n\n  <\/div>\n<\/section>\n\n<style>\n.contact-section {\n  font-family: \"Inter\", sans-serif;\n  max-width: 1000px;\n  margin: 60px auto;\n  padding: 0 20px;\n  text-align: center;\n}\n\n.contact-section h2 {\n  font-size: 2rem;\n  color: #1f3c88;\n  margin-bottom: 40px;\n  font-weight: 700;\n}\n\n.contact-cards {\n  display: grid;\n  grid-template-columns: repeat(auto-fit, minmax(280px, 1fr));\n  gap: 30px;\n}\n\n.contact-card {\n  background: #f3f3f3;\n  padding: 25px 20px;\n  border-radius: 16px;\n  box-shadow: 0 8px 22px rgba(0,0,0,0.12);\n  transition: transform 0.3s ease, box-shadow 0.3s ease;\n}\n\n.contact-card:hover {\n  transform: translateY(-6px) scale(1.02);\n  box-shadow: 0 12px 26px rgba(0,0,0,0.18);\n}\n\n.contact-card .icon {\n  margin-bottom: 15px;\n  transition: transform 0.3s ease, fill 0.3s ease;\n}\n\n.contact-card:hover .icon {\n  transform: rotate(-10deg) scale(1.2);\n  fill: #ff6600;\n}\n\n.contact-card h3 {\n  margin-bottom: 5px;\n  font-size: 1.2rem;\n  color: #111;\n}\n\n.contact-card p {\n  font-size: 1rem;\n  margin: 5px 0;\n  line-height: 1.5;\n}\n\n.contact-card a {\n  color: #1f3c88;\n  font-weight: 600;\n  text-decoration: none;\n  transition: color 0.3s ease;\n}\n\n.contact-card a:hover {\n  color: #ff6600;\n  text-decoration: underline;\n}\n<\/style>\n<\/div>\n\n\n\n<hr class=\"wp-block-separator has-alpha-channel-opacity is-style-wide\" style=\"margin-top:var(--wp--preset--spacing--10);margin-bottom:var(--wp--preset--spacing--10)\"\/>\n\n\n\n<div class=\"wp-block-group alignwide has-global-padding is-layout-constrained wp-container-core-group-is-layout-d89aad35 wp-block-group-is-layout-constrained\" style=\"margin-top:0;margin-bottom:0;padding-top:var(--wp--preset--spacing--50);padding-right:var(--wp--preset--spacing--50);padding-bottom:var(--wp--preset--spacing--50);padding-left:var(--wp--preset--spacing--50)\">\n<div class=\"wp-block-group has-base-2-background-color has-background has-global-padding is-layout-constrained wp-container-core-group-is-layout-39412042 wp-block-group-is-layout-constrained\" style=\"border-radius:16px;padding-top:var(--wp--preset--spacing--40);padding-right:var(--wp--preset--spacing--50);padding-bottom:var(--wp--preset--spacing--40);padding-left:var(--wp--preset--spacing--50)\">\n<div style=\"height:var(--wp--preset--spacing--10)\" aria-hidden=\"true\" class=\"wp-block-spacer\"><\/div>\n\n\n\n<h2 class=\"wp-block-heading has-text-align-center has-x-large-font-size\">AUTHENTIK HOME est adh\u00e9rente de l&rsquo;UFCAC<\/h2>\n\n\n\n<p class=\"has-text-align-center\">D\u00e9couvrez l&rsquo;ufcac ci-dessous, l&rsquo;union fran\u00e7aise des coop\u00e9ratives artisanales de la construction, et r\u00e9novation.<\/p>\n\n\n\n<div class=\"wp-block-buttons is-content-justification-center is-layout-flex wp-container-core-buttons-is-layout-a89b3969 wp-block-buttons-is-layout-flex\">\n<div class=\"wp-block-button\"><a class=\"wp-block-button__link wp-element-button\" href=\"https:\/\/www.ufcac.com\/\">UFCAC<\/a><\/div>\n<\/div>\n\n\n\n<div style=\"height:var(--wp--preset--spacing--10)\" aria-hidden=\"true\" class=\"wp-block-spacer\"><\/div>\n\n\n\n<figure class=\"wp-block-image alignwide size-full\"><a href=\"https:\/\/authentikhome.fr\/wp-content\/uploads\/2024\/08\/logo.png\"><img loading=\"lazy\" decoding=\"async\" width=\"350\" height=\"75\" src=\"https:\/\/authentikhome.fr\/wp-content\/uploads\/2024\/08\/logo.png\" alt=\"\" class=\"wp-image-1432\" srcset=\"https:\/\/authentikhome.fr\/wp-content\/uploads\/2024\/08\/logo.png 350w, https:\/\/authentikhome.fr\/wp-content\/uploads\/2024\/08\/logo-300x64.png 300w\" sizes=\"auto, (max-width: 350px) 100vw, 350px\" \/><\/a><\/figure>\n<\/div>\n<\/div>\n\n\n\n<hr class=\"wp-block-separator has-alpha-channel-opacity is-style-wide\" style=\"margin-top:var(--wp--preset--spacing--10);margin-bottom:var(--wp--preset--spacing--10)\"\/>\n\n\n\n<figure class=\"wp-block-image aligncenter size-full\"><a href=\"https:\/\/app.go-kelvin.com\/simulator\/ufcac\/?referer=authentikhome\" target=\"_blank\" rel=\"noreferrer noopener\"><img loading=\"lazy\" decoding=\"async\" width=\"427\" height=\"118\" src=\"https:\/\/authentikhome.fr\/wp-content\/uploads\/2025\/11\/Logo-Kelvin.png\" alt=\"\" class=\"wp-image-1658\" srcset=\"https:\/\/authentikhome.fr\/wp-content\/uploads\/2025\/11\/Logo-Kelvin.png 427w, https:\/\/authentikhome.fr\/wp-content\/uploads\/2025\/11\/Logo-Kelvin-300x83.png 300w\" sizes=\"auto, (max-width: 427px) 100vw, 427px\" \/><\/a><\/figure>\n\n\n\n<h2 class=\"wp-block-heading has-text-align-center\"><strong>Simulez vos travaux d&rsquo;am\u00e9lioration \u00e9nerg\u00e9tique en moins de 2 minutes gr\u00e2ce \u00e0 notre partenaire \u00ab\u00a0KELVIN\u00b0\u00a0\u00bb.<\/strong> <\/h2>\n\n\n\n<p class=\"has-text-align-center\"><em>(cliquez sur le logo ci-dessus)<\/em><\/p>\n","protected":false},"excerpt":{"rendered":"<p>Suivez-nous \u00e9galement sur notre page Facebook Chantiers en cours, actualit\u00e9 et bien plus : Une \u00e9quipe de professionnels, un seul interlocuteur Nos artisans locaux travaillent en \u00e9quipe avec le bureau d&rsquo;Authentik Home, compos\u00e9 d&rsquo;un maitre d&rsquo;\u0153uvre, un conducteur de travaux et une assistante de direction. R\u00e9novation et restauration Accompagnement Conseils Neuf et extension Gestion de [&hellip;]<\/p>\n","protected":false},"author":2,"featured_media":1617,"parent":0,"menu_order":0,"comment_status":"closed","ping_status":"closed","template":"home-panels.php","meta":{"footnotes":""},"class_list":["post-1344","page","type-page","status-publish","has-post-thumbnail","hentry"],"_links":{"self":[{"href":"https:\/\/authentikhome.fr\/index.php?rest_route=\/wp\/v2\/pages\/1344","targetHints":{"allow":["GET"]}}],"collection":[{"href":"https:\/\/authentikhome.fr\/index.php?rest_route=\/wp\/v2\/pages"}],"about":[{"href":"https:\/\/authentikhome.fr\/index.php?rest_route=\/wp\/v2\/types\/page"}],"author":[{"embeddable":true,"href":"https:\/\/authentikhome.fr\/index.php?rest_route=\/wp\/v2\/users\/2"}],"replies":[{"embeddable":true,"href":"https:\/\/authentikhome.fr\/index.php?rest_route=%2Fwp%2Fv2%2Fcomments&post=1344"}],"version-history":[{"count":38,"href":"https:\/\/authentikhome.fr\/index.php?rest_route=\/wp\/v2\/pages\/1344\/revisions"}],"predecessor-version":[{"id":1846,"href":"https:\/\/authentikhome.fr\/index.php?rest_route=\/wp\/v2\/pages\/1344\/revisions\/1846"}],"wp:featuredmedia":[{"embeddable":true,"href":"https:\/\/authentikhome.fr\/index.php?rest_route=\/wp\/v2\/media\/1617"}],"wp:attachment":[{"href":"https:\/\/authentikhome.fr\/index.php?rest_route=%2Fwp%2Fv2%2Fmedia&parent=1344"}],"curies":[{"name":"wp","href":"https:\/\/api.w.org\/{rel}","templated":true}]}}